{"id":897,"date":"2017-01-30T16:15:06","date_gmt":"2017-01-30T15:15:06","guid":{"rendered":"http:\/\/v-o-e.fr\/?page_id=897"},"modified":"2021-09-22T14:32:18","modified_gmt":"2021-09-22T12:32:18","slug":"trombinoscope","status":"publish","type":"page","link":"https:\/\/v-o-e.fr\/index.php\/vie-du-club\/trombinoscope\/","title":{"rendered":"OBJECTIFS"},"content":{"rendered":"<div  class=\"fusion-fullwidth fullwidth-box nonhundred-percent-fullwidth\"  style='background-color: #25292b;background-position: center center;background-repeat: no-repeat;padding-top:20px;padding-right:0px;padding-bottom:20px;padding-left:0px;'><div class=\"fusion-builder-row fusion-row \"><div  class=\"fusion-layout-column fusion_builder_column fusion_builder_column_2_5  fusion-two-fifth fusion-column-first 2_5\"  style='margin-top:0px;margin-bottom:20px;width:40%;width:calc(40% - ( ( 4% ) * 0.4 ) );margin-right: 4%;'>\n\t\t\t<div class=\"fusion-column-wrapper\" style=\"background-position:left top;background-repeat:no-repeat;-webkit-background-size:cover;-moz-background-size:cover;-o-background-size:cover;background-size:cover;\"  data-bg-url=\"\">\n\t\t\t\t<p><span style=\"color: #ffffff;\">Le club d\u00e9finit sa politique autour de\u00a0<strong>diff\u00e9rents objectifs<\/strong>\u00a0qui s\u2019orientent tous vers un but commun :\u00a0<strong>le partage de la passion de l\u2019escrime<\/strong>. Pour mettre en \u0153uvre ces diff\u00e9rentes missions, voici les axes de r\u00e9flexion instaur\u00e9s par l\u2019\u00e9quipe dirigeante du club.<\/span><\/p>\n<h3><span style=\"color: #ffffff;\"><strong>Accueillir et partager<\/strong><\/span><\/h3>\n<ul>\n<li><span style=\"color: #ffffff;\">Rendre l\u2019infrastructure accueillante et agr\u00e9able,<\/span><\/li>\n<li><span style=\"color: #ffffff;\">Communiquer au sein du club,<\/span><\/li>\n<li><span style=\"color: #ffffff;\">Encourager la participation de chacun et le b\u00e9n\u00e9volat.<\/span><\/li>\n<\/ul>\n<h3><span style=\"color: #ffffff;\"><strong>Faire d\u00e9couvrir et initier<\/strong><\/span><\/h3>\n<ul>\n<li><span style=\"color: #ffffff;\">Permettre \u00e0 chacun de d\u00e9couvrir l\u2019escrime avec des \u00e9quipements, des conditions et du mat\u00e9riel adapt\u00e9 des plus petits aux plus grands,<\/span><\/li>\n<li><span style=\"color: #ffffff;\">Favoriser la rencontre avec cette discipline en multipliant les actions et les cr\u00e9neaux horaires ainsi que l\u2019encadrement.<\/span><\/li>\n<\/ul>\n<h3><span style=\"color: #ffffff;\"><strong>Former<\/strong><\/span><\/h3>\n<ul>\n<li><span style=\"color: #ffffff;\">Assurer les le\u00e7ons individuelles et collectives,<\/span><\/li>\n<li><span style=\"color: #ffffff;\">Accompagner l\u2019enfant tout au long de sa formation,<\/span><\/li>\n<li><span style=\"color: #ffffff;\">Former de nouveaux ma\u00eetres d\u2019armes.<\/span><\/li>\n<\/ul>\n<h3><span style=\"color: #ffffff;\"><strong>Aller vers le haut-niveau<\/strong><\/span><\/h3>\n<ul>\n<li><span style=\"color: #ffffff;\">D\u00e9tecter les nouveaux talents et d\u00e9velopper leur potentiel,<\/span><\/li>\n<li><span style=\"color: #ffffff;\">D\u00e9velopper l\u2019escrime de comp\u00e9tition,<\/span><\/li>\n<li><span style=\"color: #ffffff;\">Promouvoir l\u2019image du club par les r\u00e9sultats sportifs.<\/span><\/li>\n<\/ul>\n<h3><span style=\"color: #ffffff;\"><strong>Respecter les r\u00e8gles<\/strong><\/span><\/h3>\n<ul>\n<li><span style=\"color: #ffffff;\">Initier tous les jeunes aux bases de l\u2019arbitrage,<\/span><\/li>\n<li><span style=\"color: #ffffff;\">Encourager les jeunes \u00e0 arbitrer lors des s\u00e9ances d\u2019entra\u00eenements puis des comp\u00e9titions,<\/span><\/li>\n<li><span style=\"color: #ffffff;\">Favoriser les formations sp\u00e9cifiques d\u2019arbitres au sein du club.<\/span><\/li>\n<\/ul>\n<div class=\"fusion-clearfix\"><\/div>\n\n\t\t\t<\/div>\n\t\t<\/div><div  class=\"fusion-layout-column fusion_builder_column fusion_builder_column_3_5  fusion-three-fifth fusion-column-last 3_5\"  style='margin-top:0px;margin-bottom:20px;width:60%;width:calc(60% - ( ( 4% ) * 0.6 ) );'>\n\t\t\t<div class=\"fusion-column-wrapper\" style=\"background-position:left top;background-repeat:no-repeat;-webkit-background-size:cover;-moz-background-size:cover;-o-background-size:cover;background-size:cover;\"  data-bg-url=\"\">\n\t\t\t\t<span class=\"fusion-imageframe imageframe-bottomshadow imageframe-1 element-bottomshadow hover-type-zoomout\"><img loading=\"lazy\" decoding=\"async\" src=\"http:\/\/v-o-e.fr\/wp-content\/uploads\/2017\/02\/photo5.24.jpg\" width=\"980\" height=\"490\" alt=\"Photo principal du trombinoscope\" title=\"photo fleuret France\" class=\"img-responsive wp-image-1255\" srcset=\"https:\/\/v-o-e.fr\/wp-content\/uploads\/2017\/02\/photo5.24-200x100.jpg 200w, https:\/\/v-o-e.fr\/wp-content\/uploads\/2017\/02\/photo5.24-400x200.jpg 400w, https:\/\/v-o-e.fr\/wp-content\/uploads\/2017\/02\/photo5.24-600x300.jpg 600w, https:\/\/v-o-e.fr\/wp-content\/uploads\/2017\/02\/photo5.24-800x400.jpg 800w, https:\/\/v-o-e.fr\/wp-content\/uploads\/2017\/02\/photo5.24.jpg 980w\" sizes=\"(max-width: 800px) 100vw, 1170px\" \/><\/span><div class=\"fusion-clearfix\"><\/div>\n\n\t\t\t<\/div>\n\t\t<\/div><\/div><\/div>\n","protected":false},"excerpt":{"rendered":"","protected":false},"author":1,"featured_media":0,"parent":80,"menu_order":4,"comment_status":"closed","ping_status":"closed","template":"","meta":{"footnotes":""},"_links":{"self":[{"href":"https:\/\/v-o-e.fr\/index.php\/wp-json\/wp\/v2\/pages\/897"}],"collection":[{"href":"https:\/\/v-o-e.fr\/index.php\/wp-json\/wp\/v2\/pages"}],"about":[{"href":"https:\/\/v-o-e.fr\/index.php\/wp-json\/wp\/v2\/types\/page"}],"author":[{"embeddable":true,"href":"https:\/\/v-o-e.fr\/index.php\/wp-json\/wp\/v2\/users\/1"}],"replies":[{"embeddable":true,"href":"https:\/\/v-o-e.fr\/index.php\/wp-json\/wp\/v2\/comments?post=897"}],"version-history":[{"count":25,"href":"https:\/\/v-o-e.fr\/index.php\/wp-json\/wp\/v2\/pages\/897\/revisions"}],"predecessor-version":[{"id":3521,"href":"https:\/\/v-o-e.fr\/index.php\/wp-json\/wp\/v2\/pages\/897\/revisions\/3521"}],"up":[{"embeddable":true,"href":"https:\/\/v-o-e.fr\/index.php\/wp-json\/wp\/v2\/pages\/80"}],"wp:attachment":[{"href":"https:\/\/v-o-e.fr\/index.php\/wp-json\/wp\/v2\/media?parent=897"}],"curies":[{"name":"wp","href":"https:\/\/api.w.org\/{rel}","templated":true}]}}