{"id":895,"date":"2017-01-30T16:14:08","date_gmt":"2017-01-30T15:14:08","guid":{"rendered":"http:\/\/v-o-e.fr\/?page_id=895"},"modified":"2025-07-07T12:08:20","modified_gmt":"2025-07-07T10:08:20","slug":"horaires","status":"publish","type":"page","link":"https:\/\/v-o-e.fr\/index.php\/vie-du-club\/horaires\/","title":{"rendered":"HORAIRES"},"content":{"rendered":"<p><div  class=\"fusion-fullwidth fullwidth-box nonhundred-percent-fullwidth\"  style='background-color: #25292b;background-position: center center;background-repeat: no-repeat;padding-top:20px;padding-right:0px;padding-bottom:20px;padding-left:0px;'><div class=\"fusion-builder-row fusion-row \"><div  class=\"fusion-layout-column fusion_builder_column fusion_builder_column_1_1  fusion-one-full fusion-column-first fusion-column-last 1_1\"  style='margin-top:0px;margin-bottom:20px;'>\n\t\t\t<div class=\"fusion-column-wrapper\" style=\"background-position:left top;background-repeat:no-repeat;-webkit-background-size:cover;-moz-background-size:cover;-o-background-size:cover;background-size:cover;\"  data-bg-url=\"\">\n\t\t\t\t<h1 style=\"text-align: center;\"><strong>Horaires des cours <\/strong><\/h1>\n<h2 style=\"text-align: center;\"><strong>Saison 2025-2026<\/strong><strong><br \/>\n<\/strong><\/h2>\n<div class=\"fusion-sep-clear\"><\/div><div class=\"fusion-separator fusion-full-width-sep sep-shadow\" style=\"background:radial-gradient(ellipse at 50% -50% , #3e3e3e 0px, rgba(255, 255, 255, 0) 80%) repeat scroll 0 0 rgba(0, 0, 0, 0);background:-webkit-radial-gradient(ellipse at 50% -50% , #3e3e3e 0px, rgba(255, 255, 255, 0) 80%) repeat scroll 0 0 rgba(0, 0, 0, 0);background:-moz-radial-gradient(ellipse at 50% -50% , #3e3e3e 0px, rgba(255, 255, 255, 0) 80%) repeat scroll 0 0 rgba(0, 0, 0, 0);background:-o-radial-gradient(ellipse at 50% -50% , #3e3e3e 0px, rgba(255, 255, 255, 0) 80%) repeat scroll 0 0 rgba(0, 0, 0, 0);margin-left: auto;margin-right: auto;margin-top:;\"><\/div><div class=\"fusion-clearfix\"><\/div>\n\n\t\t\t<\/div>\n\t\t<\/div><\/div><\/div><div  class=\"fusion-fullwidth fullwidth-box nonhundred-percent-fullwidth\"  style='background-color: #25292b;background-position: center center;background-repeat: no-repeat;padding-top:20px;padding-right:0px;padding-bottom:20px;padding-left:0px;'><div class=\"fusion-builder-row fusion-row \"><div  class=\"fusion-layout-column fusion_builder_column fusion_builder_column_1_2  fusion-one-half fusion-column-first 1_2\"  style='margin-top:0px;margin-bottom:20px;width:50%;width:calc(50% - ( ( 4% ) * 0.5 ) );margin-right: 4%;'>\n\t\t\t<div class=\"fusion-column-wrapper\" style=\"background-position:left top;background-repeat:no-repeat;-webkit-background-size:cover;-moz-background-size:cover;-o-background-size:cover;background-size:cover;\"  data-bg-url=\"\">\n\t\t\t\t<style type='text\/css'>.reading-box-container-1 .element-bottomshadow:before,.reading-box-container-1 .element-bottomshadow:after{opacity:0.7;}<\/style><div class=\"fusion-reading-box-container reading-box-container-1\" style=\"margin-top:0px;margin-bottom:84px;\"><div class=\"reading-box element-bottomshadow\" style=\"background-color:#3e3e3e;border-width:1px;border-color:#3e3e3e;border-left-width:3px;border-left-color:#f44336;border-style:solid;\"><div class=\"reading-box-additional\">\n<h2 style=\"text-align: center;\">BABY Escrime<\/h2>\n<h3 style=\"text-align: center;\"><span style=\"color: #ffffff;\"><strong>Mercredi \/ Athis-Mons (St Charles)<\/strong><\/span><\/h3>\n<p style=\"text-align: center;\"><span style=\"color: #ffffff;\">16h30 &#8211; 17h15<\/span><\/p>\n<h2 style=\"text-align: center;\"><span style=\"color: #ff0000;\"><strong>OU<\/strong><\/span><\/h2>\n<h3 style=\"text-align: center;\"><span style=\"color: #ffffff;\"><strong>Mercredi \/ Juvisy<\/strong><\/span><\/h3>\n<p style=\"text-align: center;\"><span style=\"color: #ffffff;\">\u00a0 14h15 &#8211; 15h00<\/span><\/p>\n<h2 style=\"text-align: center;\"><span style=\"color: #ff0000;\"><strong>OU<\/strong><\/span><\/h2>\n<h3 style=\"text-align: center;\"><span style=\"color: #ffffff;\"><strong>Samedi \/ Savigny sur Orge<\/strong><\/span><\/h3>\n<p style=\"text-align: center;\"><span style=\"color: #ffffff;\">9h00 &#8211; 9h45<\/span><\/p>\n<\/div><\/div><\/div><div class=\"fusion-clearfix\"><\/div>\n\n\t\t\t<\/div>\n\t\t<\/div><div  class=\"fusion-layout-column fusion_builder_column fusion_builder_column_1_2  fusion-one-half fusion-column-last 1_2\"  style='margin-top:0px;margin-bottom:20px;width:50%;width:calc(50% - ( ( 4% ) * 0.5 ) );'>\n\t\t\t<div class=\"fusion-column-wrapper\" style=\"background-position:left top;background-repeat:no-repeat;-webkit-background-size:cover;-moz-background-size:cover;-o-background-size:cover;background-size:cover;\"  data-bg-url=\"\">\n\t\t\t\t<style type='text\/css'>.reading-box-container-2 .element-bottomshadow:before,.reading-box-container-2 .element-bottomshadow:after{opacity:0.7;}<\/style><div class=\"fusion-reading-box-container reading-box-container-2\" style=\"margin-top:0px;margin-bottom:84px;\"><div class=\"reading-box element-bottomshadow\" style=\"background-color:#3e3e3e;border-width:1px;border-color:#3e3e3e;border-left-width:3px;border-left-color:#f44336;border-style:solid;\"><div class=\"reading-box-additional\">\n<h2 style=\"text-align: center;\">Ecole d&rsquo;Escrime<\/h2>\n<h2 style=\"text-align: center;\"><span style=\"color: #ffffff;\">M7 \u00e0 M15<\/span><\/h2>\n<h3 style=\"text-align: center;\"><span style=\"color: #ffffff;\"><strong>Lundi \/ Savigny sur Orge<\/strong><\/span><\/h3>\n<p style=\"text-align: center;\"><span style=\"color: #ffffff;\">18h00 &#8211; 19h00<\/span><\/p>\n<h2 style=\"text-align: center;\"><span style=\"color: #ff0000;\"><strong>OU<\/strong><\/span><\/h2>\n<h3 style=\"text-align: center;\"><span style=\"color: #ffffff;\"><strong>Mercredi \/ Athis-Mons (St Charles)<\/strong><\/span><\/h3>\n<p style=\"text-align: center;\"><span style=\"color: #ffffff;\">17h15 &#8211; 18h15<\/span><\/p>\n<h2 style=\"text-align: center;\"><span style=\"color: #ff0000;\"><strong>OU<\/strong><\/span><\/h2>\n<h3 style=\"text-align: center;\"><span style=\"color: #ffffff;\"><strong>Mercredi \/ Juvisy<\/strong><\/span><\/h3>\n<p style=\"text-align: center;\"><span style=\"color: #ffffff;\">\u00a0 15h00 &#8211; 16h00<\/span><\/p>\n<h2 style=\"text-align: center;\"><span style=\"color: #ff0000;\"><strong>OU<\/strong><\/span><\/h2>\n<h3 style=\"text-align: center;\"><span style=\"color: #ffffff;\"><strong>Samedi \/ Savigny sur Orge<\/strong><\/span><\/h3>\n<p style=\"text-align: center;\"><span style=\"color: #ffffff;\">9h45 &#8211; 10h45<\/span><\/p>\n<\/div><\/div><\/div><div class=\"fusion-clearfix\"><\/div>\n\n\t\t\t<\/div>\n\t\t<\/div><div  class=\"fusion-layout-column fusion_builder_column fusion_builder_column_1_3  fusion-one-third fusion-column-first 1_3\"  style='margin-top:0px;margin-bottom:20px;width:33.33%;width:calc(33.33% - ( ( 4% + 4% ) * 0.3333 ) );margin-right: 4%;'>\n\t\t\t<div class=\"fusion-column-wrapper\" style=\"background-position:left top;background-repeat:no-repeat;-webkit-background-size:cover;-moz-background-size:cover;-o-background-size:cover;background-size:cover;\"  data-bg-url=\"\">\n\t\t\t\t<style type='text\/css'>.reading-box-container-3 .element-bottomshadow:before,.reading-box-container-3 .element-bottomshadow:after{opacity:0.7;}<\/style><div class=\"fusion-reading-box-container reading-box-container-3\" style=\"margin-top:0px;margin-bottom:84px;\"><div class=\"reading-box element-bottomshadow\" style=\"background-color:#3e3e3e;border-width:1px;border-color:#3e3e3e;border-left-width:3px;border-left-color:#f44336;border-style:solid;\"><div class=\"reading-box-additional\">\n<h2 style=\"text-align: center;\">Confirm\u00e9s M9<\/h2>\n<h3 style=\"text-align: center;\"><span style=\"color: #ffffff;\"><strong>Mardi \/ Savigny sur Orge<\/strong><\/span><\/h3>\n<p style=\"text-align: center;\"><span style=\"color: #ffffff;\">17h30 &#8211; 18h30<\/span><\/p>\n<h3 style=\"text-align: center;\"><span style=\"color: #ffffff;\"><strong>Jeudi \/ Savigny sur Orge<\/strong><\/span><\/h3>\n<p style=\"text-align: center;\"><span style=\"color: #ffffff;\">18h00 &#8211; 19h00<\/span><\/p>\n<\/div><\/div><\/div><div class=\"fusion-clearfix\"><\/div>\n\n\t\t\t<\/div>\n\t\t<\/div><div  class=\"fusion-layout-column fusion_builder_column fusion_builder_column_1_3  fusion-one-third 1_3\"  style='margin-top:0px;margin-bottom:20px;width:33.33%;width:calc(33.33% - ( ( 4% + 4% ) * 0.3333 ) );margin-right: 4%;'>\n\t\t\t<div class=\"fusion-column-wrapper\" style=\"background-position:left top;background-repeat:no-repeat;-webkit-background-size:cover;-moz-background-size:cover;-o-background-size:cover;background-size:cover;\"  data-bg-url=\"\">\n\t\t\t\t<style type='text\/css'>.reading-box-container-4 .element-bottomshadow:before,.reading-box-container-4 .element-bottomshadow:after{opacity:0.7;}<\/style><div class=\"fusion-reading-box-container reading-box-container-4\" style=\"margin-top:0px;margin-bottom:84px;\"><div class=\"reading-box element-bottomshadow\" style=\"background-color:#3e3e3e;border-width:1px;border-color:#3e3e3e;border-left-width:3px;border-left-color:#f44336;border-style:solid;\"><div class=\"reading-box-additional\">\n<h2 style=\"text-align: center;\">Confirm\u00e9s M11<\/h2>\n<h3 style=\"text-align: center;\"><span style=\"color: #ffffff;\"><strong>Lundi \/ Savigny sur Orge<\/strong><\/span><\/h3>\n<p style=\"text-align: center;\"><span style=\"color: #ffffff;\">19h00 &#8211; 20h00<\/span><\/p>\n<h3 style=\"text-align: center;\"><span style=\"color: #ffffff;\"><strong>Jeudi \/ Savigny sur Orge<\/strong><\/span><\/h3>\n<p style=\"text-align: center;\"><span style=\"color: #ffffff;\">18h00 &#8211; 19h00<\/span><\/p>\n<p><span style=\"font-size: revert; color: initial; font-family: -apple-system, BlinkMacSystemFont, 'Segoe UI', Roboto, Oxygen-Sans, Ubuntu, Cantarell, 'Helvetica Neue', sans-serif;\"><\/div><\/div><\/div><div class=\"fusion-clearfix\"><\/div>\n\n\t\t\t<\/div>\n\t\t<\/div><div  class=\"fusion-layout-column fusion_builder_column fusion_builder_column_1_3  fusion-one-third fusion-column-last 1_3\"  style='margin-top:0px;margin-bottom:20px;width:33.33%;width:calc(33.33% - ( ( 4% + 4% ) * 0.3333 ) );'>\n\t\t\t<div class=\"fusion-column-wrapper\" style=\"background-position:left top;background-repeat:no-repeat;-webkit-background-size:cover;-moz-background-size:cover;-o-background-size:cover;background-size:cover;\"  data-bg-url=\"\">\n\t\t\t\t<style type='text\/css'>.reading-box-container-5 .element-bottomshadow:before,.reading-box-container-5 .element-bottomshadow:after{opacity:0.7;}<\/style><div class=\"fusion-reading-box-container reading-box-container-5\" style=\"margin-top:0px;margin-bottom:84px;\"><div class=\"reading-box element-bottomshadow\" style=\"background-color:#3e3e3e;border-width:1px;border-color:#3e3e3e;border-left-width:3px;border-left-color:#f44336;border-style:solid;\"><div class=\"reading-box-additional\"><\/span><\/p>\n<h2 style=\"text-align: center;\">Confirm\u00e9s M13<\/h2>\n<h4 style=\"text-align: center;\"><span style=\"color: #ffffff;\"><strong>Mardi \/ Savigny sur Orge<\/strong><\/span><\/h4>\n<p style=\"text-align: center;\"><span style=\"color: #ffffff;\">18h30 &#8211; 20h00<\/span><\/p>\n<h4 style=\"text-align: center;\"><span style=\"color: #ffffff;\"><strong>Jeudi \/ Savigny sur Orge<\/strong><\/span><\/h4>\n<p style=\"text-align: center;\"><span style=\"color: #ffffff;\">19h00 &#8211; 20h30<\/span><\/p>\n<\/div><\/div><\/div><div class=\"fusion-clearfix\"><\/div>\n\n\t\t\t<\/div>\n\t\t<\/div><div  class=\"fusion-layout-column fusion_builder_column fusion_builder_column_1_2  fusion-one-half fusion-column-first 1_2\"  style='margin-top:0px;margin-bottom:20px;width:50%;width:calc(50% - ( ( 4% ) * 0.5 ) );margin-right: 4%;'>\n\t\t\t<div class=\"fusion-column-wrapper\" style=\"background-position:left top;background-repeat:no-repeat;-webkit-background-size:cover;-moz-background-size:cover;-o-background-size:cover;background-size:cover;\"  data-bg-url=\"\">\n\t\t\t\t<style type='text\/css'>.reading-box-container-6 .element-bottomshadow:before,.reading-box-container-6 .element-bottomshadow:after{opacity:0.7;}<\/style><div class=\"fusion-reading-box-container reading-box-container-6\" style=\"margin-top:0px;margin-bottom:84px;\"><div class=\"reading-box element-bottomshadow\" style=\"background-color:#3e3e3e;border-width:1px;border-color:#3e3e3e;border-left-width:3px;border-left-color:#f44336;border-style:solid;\"><div class=\"reading-box-additional\">\n<h2 style=\"text-align: center;\">Confirm\u00e9s M15<\/h2>\n<h3 style=\"text-align: center;\"><span style=\"color: #ffffff;\"><strong>Mardi \/ Savigny sur Orge<\/strong><\/span><\/h3>\n<p style=\"text-align: center;\"><span style=\"color: #ffffff;\">20h00 &#8211; 22h30<\/span><\/p>\n<h3 style=\"text-align: center;\"><span style=\"color: #ffffff;\"><strong>Jeudi \/ Savigny sur Orge<\/strong><\/span><\/h3>\n<p style=\"text-align: center;\"><span style=\"color: #ffffff;\">19h00 &#8211; 20h30<\/span><\/p>\n<\/div><\/div><\/div><div class=\"fusion-clearfix\"><\/div>\n\n\t\t\t<\/div>\n\t\t<\/div><div  class=\"fusion-layout-column fusion_builder_column fusion_builder_column_1_2  fusion-one-half fusion-column-last 1_2\"  style='margin-top:0px;margin-bottom:20px;width:50%;width:calc(50% - ( ( 4% ) * 0.5 ) );'>\n\t\t\t<div class=\"fusion-column-wrapper\" style=\"background-position:left top;background-repeat:no-repeat;-webkit-background-size:cover;-moz-background-size:cover;-o-background-size:cover;background-size:cover;\"  data-bg-url=\"\">\n\t\t\t\t<style type='text\/css'>.reading-box-container-7 .element-bottomshadow:before,.reading-box-container-7 .element-bottomshadow:after{opacity:0.7;}<\/style><div class=\"fusion-reading-box-container reading-box-container-7\" style=\"margin-top:0px;margin-bottom:84px;\"><div class=\"reading-box element-bottomshadow\" style=\"background-color:#3e3e3e;border-width:1px;border-color:#3e3e3e;border-left-width:3px;border-left-color:#f44336;border-style:solid;\"><div class=\"reading-box-additional\">\n<h2 style=\"text-align: center;\">Confirm\u00e9s M17 &#8211; M20 &#8211; S\u00e9niors<\/h2>\n<h3 style=\"text-align: center;\"><\/h3>\n<h3 style=\"text-align: center;\"><span style=\"color: #ffffff;\"><strong>Mardi \/ Savigny sur Orge<\/strong><\/span><\/h3>\n<p style=\"text-align: center;\"><span style=\"color: #ffffff;\">20h00 &#8211; 22h30<\/span><\/p>\n<h3 style=\"text-align: center;\"><span style=\"color: #ffffff;\"><strong>Jeudi \/ Savigny sur Orge<\/strong><\/span><\/h3>\n<p style=\"text-align: center;\"><span style=\"color: #ffffff;\">20h30 &#8211; 22h30<\/span><\/p>\n<\/div><\/div><\/div><div class=\"fusion-clearfix\"><\/div>\n\n\t\t\t<\/div>\n\t\t<\/div><div  class=\"fusion-layout-column fusion_builder_column fusion_builder_column_1_2  fusion-one-half fusion-column-first 1_2\"  style='margin-top:0px;margin-bottom:20px;width:50%;width:calc(50% - ( ( 4% ) * 0.5 ) );margin-right: 4%;'>\n\t\t\t<div class=\"fusion-column-wrapper\" style=\"background-position:left top;background-repeat:no-repeat;-webkit-background-size:cover;-moz-background-size:cover;-o-background-size:cover;background-size:cover;\"  data-bg-url=\"\">\n\t\t\t\t<style type='text\/css'>.reading-box-container-8 .element-bottomshadow:before,.reading-box-container-8 .element-bottomshadow:after{opacity:0.7;}<\/style><div class=\"fusion-reading-box-container reading-box-container-8\" style=\"margin-top:0px;margin-bottom:84px;\"><div class=\"reading-box element-bottomshadow\" style=\"background-color:#3e3e3e;border-width:1px;border-color:#3e3e3e;border-left-width:3px;border-left-color:#f44336;border-style:solid;\"><div class=\"reading-box-additional\">\n<h2 style=\"text-align: center;\">S\u00e9ances suppl\u00e9mentaires pour les comp\u00e9titeurs \u00e0 partir de M13<\/h2>\n<h3 style=\"text-align: center;\"><\/h3>\n<h3 style=\"text-align: center;\"><span style=\"color: #ffffff;\"><strong>Lundi \/ Savigny sur Orge<\/strong><\/span><\/h3>\n<p style=\"text-align: center;\"><span style=\"color: #ffffff;\">20h30 &#8211; 22h00<\/span><\/p>\n<h3 style=\"text-align: center;\"><span style=\"color: #ffffff;\"><strong>Samedi \/ Savigny sur Orge<\/strong><\/span><\/h3>\n<p style=\"text-align: center;\"><span style=\"color: #ffffff;\">10h45 &#8211; 12h00<\/span><\/p>\n<\/div><\/div><\/div><div class=\"fusion-clearfix\"><\/div>\n\n\t\t\t<\/div>\n\t\t<\/div><div  class=\"fusion-layout-column fusion_builder_column fusion_builder_column_1_2  fusion-one-half fusion-column-last 1_2\"  style='margin-top:0px;margin-bottom:20px;width:50%;width:calc(50% - ( ( 4% ) * 0.5 ) );'>\n\t\t\t<div class=\"fusion-column-wrapper\" style=\"background-position:left top;background-repeat:no-repeat;-webkit-background-size:cover;-moz-background-size:cover;-o-background-size:cover;background-size:cover;\"  data-bg-url=\"\">\n\t\t\t\t<style type='text\/css'>.reading-box-container-9 .element-bottomshadow:before,.reading-box-container-9 .element-bottomshadow:after{opacity:0.7;}<\/style><div class=\"fusion-reading-box-container reading-box-container-9\" style=\"margin-top:0px;margin-bottom:84px;\"><div class=\"reading-box element-bottomshadow\" style=\"background-color:#3e3e3e;border-width:1px;border-color:#3e3e3e;border-left-width:3px;border-left-color:#f44336;border-style:solid;\"><div class=\"reading-box-additional\">\n<h2 style=\"text-align: center;\">Loisirs \u00c9p\u00e9e<\/h2>\n<h3 style=\"text-align: center;\"><span style=\"color: #ffffff;\">de M17 \u00e0\u00a0S\u00e9niors<\/span><\/h3>\n<h3 style=\"text-align: center;\"><span style=\"color: #ffffff;\"><strong>Lundi\u00a0\/\u00a0Savigny s\/Orge<\/strong><\/span><\/h3>\n<p style=\"text-align: center;\"><span style=\"color: #ffffff;\">20h30 &#8211; 22h00\u00a0<\/span><\/p>\n<h3 style=\"text-align: center;\"><span style=\"color: #ffffff;\"><strong>Jeudi\u00a0\/\u00a0Savigny s\/Orge<\/strong><\/span><\/h3>\n<p style=\"text-align: center;\"><span style=\"color: #ffffff;\">20h30 &#8211; 22h30<\/span><\/p>\n<h2 style=\"text-align: center;\"><span style=\"color: #ffffff;\">\u00a0<\/span><\/h2>\n<\/div><\/div><\/div><div class=\"fusion-clearfix\"><\/div>\n\n\t\t\t<\/div>\n\t\t<\/div><\/div><\/div><\/p>\n","protected":false},"excerpt":{"rendered":"","protected":false},"author":1,"featured_media":0,"parent":80,"menu_order":2,"comment_status":"closed","ping_status":"closed","template":"","meta":{"footnotes":""},"_links":{"self":[{"href":"https:\/\/v-o-e.fr\/index.php\/wp-json\/wp\/v2\/pages\/895"}],"collection":[{"href":"https:\/\/v-o-e.fr\/index.php\/wp-json\/wp\/v2\/pages"}],"about":[{"href":"https:\/\/v-o-e.fr\/index.php\/wp-json\/wp\/v2\/types\/page"}],"author":[{"embeddable":true,"href":"https:\/\/v-o-e.fr\/index.php\/wp-json\/wp\/v2\/users\/1"}],"replies":[{"embeddable":true,"href":"https:\/\/v-o-e.fr\/index.php\/wp-json\/wp\/v2\/comments?post=895"}],"version-history":[{"count":83,"href":"https:\/\/v-o-e.fr\/index.php\/wp-json\/wp\/v2\/pages\/895\/revisions"}],"predecessor-version":[{"id":4977,"href":"https:\/\/v-o-e.fr\/index.php\/wp-json\/wp\/v2\/pages\/895\/revisions\/4977"}],"up":[{"embeddable":true,"href":"https:\/\/v-o-e.fr\/index.php\/wp-json\/wp\/v2\/pages\/80"}],"wp:attachment":[{"href":"https:\/\/v-o-e.fr\/index.php\/wp-json\/wp\/v2\/media?parent=895"}],"curies":[{"name":"wp","href":"https:\/\/api.w.org\/{rel}","templated":true}]}}