{"id":82,"date":"2015-05-12T16:53:55","date_gmt":"2015-05-12T16:53:55","guid":{"rendered":"https:\/\/avada.theme-fusion.com\/gym\/?page_id=82"},"modified":"2017-06-24T17:55:56","modified_gmt":"2017-06-24T15:55:56","slug":"nos-partenaires","status":"publish","type":"page","link":"https:\/\/v-o-e.fr\/index.php\/nos-partenaires\/","title":{"rendered":"NOS PARTENAIRES"},"content":{"rendered":"<div  class=\"fusion-fullwidth fullwidth-box nonhundred-percent-fullwidth\"  style='background-color: #25292b;background-position: center center;background-repeat: no-repeat;padding-top:20px;padding-right:0px;padding-bottom:20px;padding-left:0px;'><div class=\"fusion-builder-row fusion-row \"><div  class=\"fusion-layout-column fusion_builder_column fusion_builder_column_1_4  fusion-one-fourth fusion-column-first 1_4\"  style='margin-top:0px;margin-bottom:20px;width:25%;width:calc(25% - ( ( 4% + 4% + 4% ) * 0.25 ) );margin-right: 4%;'>\n\t\t\t<div class=\"fusion-column-wrapper\" style=\"background-position:left top;background-repeat:no-repeat;-webkit-background-size:cover;-moz-background-size:cover;-o-background-size:cover;background-size:cover;\"  data-bg-url=\"\">\n\t\t\t\t<h4>Ville de Savigny sur Orge<\/h4>\n<p><a href=\"http:\/\/www.savigny.org\/\"><img loading=\"lazy\" decoding=\"async\" class=\"alignnone wp-image-965 size-full\" title=\"ville de Savigny sur Orge\" src=\"http:\/\/v-o-e.fr\/wp-content\/uploads\/2015\/05\/Ville-de-Savigny.png\" alt=\"La ville de Savigny sur Orge fait partie de nos partenaires\" width=\"225\" height=\"225\" srcset=\"https:\/\/v-o-e.fr\/wp-content\/uploads\/2015\/05\/Ville-de-Savigny-66x66.png 66w, https:\/\/v-o-e.fr\/wp-content\/uploads\/2015\/05\/Ville-de-Savigny-150x150.png 150w, https:\/\/v-o-e.fr\/wp-content\/uploads\/2015\/05\/Ville-de-Savigny-200x200.png 200w, https:\/\/v-o-e.fr\/wp-content\/uploads\/2015\/05\/Ville-de-Savigny.png 225w\" sizes=\"(max-width: 225px) 100vw, 225px\" \/><\/a><\/p>\n<div class=\"fusion-clearfix\"><\/div>\n\n\t\t\t<\/div>\n\t\t<\/div><div  class=\"fusion-layout-column fusion_builder_column fusion_builder_column_1_4  fusion-one-fourth 1_4\"  style='margin-top:0px;margin-bottom:20px;width:25%;width:calc(25% - ( ( 4% + 4% + 4% ) * 0.25 ) );margin-right: 4%;'>\n\t\t\t<div class=\"fusion-column-wrapper\" style=\"background-position:left top;background-repeat:no-repeat;-webkit-background-size:cover;-moz-background-size:cover;-o-background-size:cover;background-size:cover;\"  data-bg-url=\"\">\n\t\t\t\t<h4><strong>D\u00e9partement de l&rsquo;Essonne<\/strong><\/h4>\n<p><a href=\"http:\/\/v-o-e.fr\/wp-content\/uploads\/2015\/05\/logo.png\"><img loading=\"lazy\" decoding=\"async\" class=\"alignnone wp-image-2331\" src=\"http:\/\/v-o-e.fr\/wp-content\/uploads\/2015\/05\/logo.png\" alt=\"\" width=\"304\" height=\"198\" \/><\/a><\/p>\n<div class=\"fusion-clearfix\"><\/div>\n\n\t\t\t<\/div>\n\t\t<\/div><div  class=\"fusion-layout-column fusion_builder_column fusion_builder_column_1_4  fusion-one-fourth 1_4\"  style='margin-top:0px;margin-bottom:20px;width:25%;width:calc(25% - ( ( 4% + 4% + 4% ) * 0.25 ) );margin-right: 4%;'>\n\t\t\t<div class=\"fusion-column-wrapper\" style=\"background-position:left top;background-repeat:no-repeat;-webkit-background-size:cover;-moz-background-size:cover;-o-background-size:cover;background-size:cover;\"  data-bg-url=\"\">\n\t\t\t\t<h4><strong>Ville d&rsquo;Athis Mons<\/strong><\/h4>\n<p><a href=\"http:\/\/www.mairie-athis-mons.fr\/\"><img loading=\"lazy\" decoding=\"async\" class=\"alignnone wp-image-964 size-full\" title=\"ville d'Athis Mons\" src=\"http:\/\/v-o-e.fr\/wp-content\/uploads\/2015\/05\/Ville-dAthis-Mons.jpg\" alt=\"La ville d'Athis Mons fait partie de nos partenaires\" width=\"225\" height=\"225\" srcset=\"https:\/\/v-o-e.fr\/wp-content\/uploads\/2015\/05\/Ville-dAthis-Mons-66x66.jpg 66w, https:\/\/v-o-e.fr\/wp-content\/uploads\/2015\/05\/Ville-dAthis-Mons-150x150.jpg 150w, https:\/\/v-o-e.fr\/wp-content\/uploads\/2015\/05\/Ville-dAthis-Mons-200x200.jpg 200w, https:\/\/v-o-e.fr\/wp-content\/uploads\/2015\/05\/Ville-dAthis-Mons.jpg 225w\" sizes=\"(max-width: 225px) 100vw, 225px\" \/><\/a><\/p>\n<div class=\"fusion-clearfix\"><\/div>\n\n\t\t\t<\/div>\n\t\t<\/div><div  class=\"fusion-layout-column fusion_builder_column fusion_builder_column_1_4  fusion-one-fourth fusion-column-last 1_4\"  style='margin-top:0px;margin-bottom:20px;width:25%;width:calc(25% - ( ( 4% + 4% + 4% ) * 0.25 ) );'>\n\t\t\t<div class=\"fusion-column-wrapper\" style=\"background-position:left top;background-repeat:no-repeat;-webkit-background-size:cover;-moz-background-size:cover;-o-background-size:cover;background-size:cover;\"  data-bg-url=\"\">\n\t\t\t\t<h4><strong>Centre National pour le D\u00e9veloppement du Sport<\/strong><\/h4>\n<p><a href=\"http:\/\/www.cnds.sports.gouv.fr\/\"><img loading=\"lazy\" decoding=\"async\" class=\"alignnone wp-image-992\" src=\"http:\/\/v-o-e.fr\/wp-content\/uploads\/2015\/05\/ville_jeunesse_sports_cnds-300x208.png\" alt=\"Le CNDS fait partie de nos partenaires\" width=\"225\" height=\"156\" srcset=\"https:\/\/v-o-e.fr\/wp-content\/uploads\/2015\/05\/ville_jeunesse_sports_cnds-200x139.png 200w, https:\/\/v-o-e.fr\/wp-content\/uploads\/2015\/05\/ville_jeunesse_sports_cnds-300x208.png 300w, https:\/\/v-o-e.fr\/wp-content\/uploads\/2015\/05\/ville_jeunesse_sports_cnds-400x277.png 400w, https:\/\/v-o-e.fr\/wp-content\/uploads\/2015\/05\/ville_jeunesse_sports_cnds-600x416.png 600w, https:\/\/v-o-e.fr\/wp-content\/uploads\/2015\/05\/ville_jeunesse_sports_cnds-768x532.png 768w, https:\/\/v-o-e.fr\/wp-content\/uploads\/2015\/05\/ville_jeunesse_sports_cnds-800x555.png 800w, https:\/\/v-o-e.fr\/wp-content\/uploads\/2015\/05\/ville_jeunesse_sports_cnds.png 926w\" sizes=\"(max-width: 225px) 100vw, 225px\" \/><\/a><\/p>\n<div class=\"fusion-clearfix\"><\/div>\n\n\t\t\t<\/div>\n\t\t<\/div><div  class=\"fusion-layout-column fusion_builder_column fusion_builder_column_1_4  fusion-one-fourth fusion-column-first 1_4\"  style='margin-top:0px;margin-bottom:20px;width:25%;width:calc(25% - ( ( 4% + 4% + 4% ) * 0.25 ) );margin-right: 4%;'>\n\t\t\t<div class=\"fusion-column-wrapper\" style=\"background-position:left top;background-repeat:no-repeat;-webkit-background-size:cover;-moz-background-size:cover;-o-background-size:cover;background-size:cover;\"  data-bg-url=\"\">\n\t\t\t\t<h4><strong>Cr\u00e9dit Mutuel<\/strong><\/h4>\n<p><a href=\"https:\/\/www.creditmutuel.fr\/groupe\/fr\/identification\/default.cgi\"><img loading=\"lazy\" decoding=\"async\" class=\"alignnone wp-image-986 size-full\" title=\"Cr\u00e9dit Mutuel\" src=\"http:\/\/v-o-e.fr\/wp-content\/uploads\/2017\/02\/Cr\u00e9dit-Mutuel-e1485989048492.jpg\" alt=\"Le Cr\u00e9dit Mutuel fait partie de nos partenaires\" width=\"225\" height=\"225\" \/><\/a><\/p>\n<div class=\"fusion-clearfix\"><\/div>\n\n\t\t\t<\/div>\n\t\t<\/div><div  class=\"fusion-layout-column fusion_builder_column fusion_builder_column_1_4  fusion-one-fourth 1_4\"  style='margin-top:0px;margin-bottom:20px;width:25%;width:calc(25% - ( ( 4% + 4% + 4% ) * 0.25 ) );margin-right: 4%;'>\n\t\t\t<div class=\"fusion-column-wrapper\" style=\"background-position:left top;background-repeat:no-repeat;-webkit-background-size:cover;-moz-background-size:cover;-o-background-size:cover;background-size:cover;\"  data-bg-url=\"\">\n\t\t\t\t<h4>F\u00e9d\u00e9ration fran\u00e7aise d&rsquo;escrime<\/h4>\n<p><a href=\"http:\/\/www.escrime-ffe.fr\/\"><img loading=\"lazy\" decoding=\"async\" class=\"alignnone wp-image-995 size-medium\" title=\"FFE\" src=\"http:\/\/v-o-e.fr\/wp-content\/uploads\/2015\/05\/FFE-300x160.png\" alt=\"La FFE fait partie de nos partenaires\" width=\"300\" height=\"160\" \/><\/a><\/p>\n<div class=\"fusion-clearfix\"><\/div>\n\n\t\t\t<\/div>\n\t\t<\/div><div  class=\"fusion-layout-column fusion_builder_column fusion_builder_column_1_4  fusion-one-fourth 1_4\"  style='margin-top:0px;margin-bottom:20px;width:25%;width:calc(25% - ( ( 4% + 4% + 4% ) * 0.25 ) );margin-right: 4%;'>\n\t\t\t<div class=\"fusion-column-wrapper\" style=\"background-position:left top;background-repeat:no-repeat;-webkit-background-size:cover;-moz-background-size:cover;-o-background-size:cover;background-size:cover;\"  data-bg-url=\"\">\n\t\t\t\t<h4><strong>Comit\u00e9 D\u00e9partemental de l&rsquo;Essonne<\/strong><\/h4>\n<p><a href=\"http:\/\/cde91.fr\/\"><img loading=\"lazy\" decoding=\"async\" class=\"alignnone wp-image-1003 size-medium\" src=\"http:\/\/v-o-e.fr\/wp-content\/uploads\/2015\/05\/CDE91-300x212.jpg\" alt=\"Le CDE 91 fait partie de nos partenaires\" width=\"300\" height=\"212\" srcset=\"https:\/\/v-o-e.fr\/wp-content\/uploads\/2015\/05\/CDE91-200x141.jpg 200w, https:\/\/v-o-e.fr\/wp-content\/uploads\/2015\/05\/CDE91-300x212.jpg 300w, https:\/\/v-o-e.fr\/wp-content\/uploads\/2015\/05\/CDE91-400x283.jpg 400w, https:\/\/v-o-e.fr\/wp-content\/uploads\/2015\/05\/CDE91-600x424.jpg 600w, https:\/\/v-o-e.fr\/wp-content\/uploads\/2015\/05\/CDE91-768x543.jpg 768w, https:\/\/v-o-e.fr\/wp-content\/uploads\/2015\/05\/CDE91-800x565.jpg 800w, https:\/\/v-o-e.fr\/wp-content\/uploads\/2015\/05\/CDE91-1024x724.jpg 1024w, https:\/\/v-o-e.fr\/wp-content\/uploads\/2015\/05\/CDE91-1200x848.jpg 1200w, https:\/\/v-o-e.fr\/wp-content\/uploads\/2015\/05\/CDE91.jpg 4678w\" sizes=\"(max-width: 300px) 100vw, 300px\" \/><\/a><\/p>\n<div class=\"fusion-clearfix\"><\/div>\n\n\t\t\t<\/div>\n\t\t<\/div><div  class=\"fusion-layout-column fusion_builder_column fusion_builder_column_1_4  fusion-one-fourth fusion-column-last 1_4\"  style='margin-top:0px;margin-bottom:20px;width:25%;width:calc(25% - ( ( 4% + 4% + 4% ) * 0.25 ) );'>\n\t\t\t<div class=\"fusion-column-wrapper\" style=\"background-position:left top;background-repeat:no-repeat;-webkit-background-size:cover;-moz-background-size:cover;-o-background-size:cover;background-size:cover;\"  data-bg-url=\"\">\n\t\t\t\t<h4><strong>Escrime Diffusion<\/strong><\/h4>\n<p><a href=\"https:\/\/www.escrime-diffusion.fr\/\"><img loading=\"lazy\" decoding=\"async\" class=\"alignnone wp-image-968 size-medium\" src=\"http:\/\/v-o-e.fr\/wp-content\/uploads\/2015\/05\/Escrime-dif-300x176.jpg\" alt=\"Escrime diffusion fait partie de nos partenaires\" width=\"300\" height=\"176\" srcset=\"https:\/\/v-o-e.fr\/wp-content\/uploads\/2015\/05\/Escrime-dif-200x117.jpg 200w, https:\/\/v-o-e.fr\/wp-content\/uploads\/2015\/05\/Escrime-dif-300x176.jpg 300w, https:\/\/v-o-e.fr\/wp-content\/uploads\/2015\/05\/Escrime-dif-400x235.jpg 400w, https:\/\/v-o-e.fr\/wp-content\/uploads\/2015\/05\/Escrime-dif-600x352.jpg 600w, https:\/\/v-o-e.fr\/wp-content\/uploads\/2015\/05\/Escrime-dif-768x451.jpg 768w, https:\/\/v-o-e.fr\/wp-content\/uploads\/2015\/05\/Escrime-dif-800x470.jpg 800w, https:\/\/v-o-e.fr\/wp-content\/uploads\/2015\/05\/Escrime-dif-1024x601.jpg 1024w, https:\/\/v-o-e.fr\/wp-content\/uploads\/2015\/05\/Escrime-dif-1200x705.jpg 1200w, https:\/\/v-o-e.fr\/wp-content\/uploads\/2015\/05\/Escrime-dif.jpg 3167w\" sizes=\"(max-width: 300px) 100vw, 300px\" \/><\/a><\/p>\n<div class=\"fusion-clearfix\"><\/div>\n\n\t\t\t<\/div>\n\t\t<\/div><div  class=\"fusion-layout-column fusion_builder_column fusion_builder_column_1_4  fusion-one-fourth fusion-column-first 1_4\"  style='margin-top:0px;margin-bottom:20px;width:25%;width:calc(25% - ( ( 4% + 4% ) * 0.25 ) );margin-right: 4%;'>\n\t\t\t<div class=\"fusion-column-wrapper\" style=\"background-position:left top;background-repeat:no-repeat;-webkit-background-size:cover;-moz-background-size:cover;-o-background-size:cover;background-size:cover;\"  data-bg-url=\"\">\n\t\t\t\t<h4><strong>Ligue d&rsquo;Escrime \u00cele de France Ouest<\/strong><\/h4>\n<p><a href=\"http:\/\/ligue.leav.fr\/\"><img loading=\"lazy\" decoding=\"async\" class=\"alignnone wp-image-970 size-medium\" src=\"http:\/\/v-o-e.fr\/wp-content\/uploads\/2015\/05\/Leifo-300x53.jpg\" alt=\"Le L.E.I.F.O. fait partie de nos partenaires\" width=\"300\" height=\"53\" srcset=\"https:\/\/v-o-e.fr\/wp-content\/uploads\/2015\/05\/Leifo-200x35.jpg 200w, https:\/\/v-o-e.fr\/wp-content\/uploads\/2015\/05\/Leifo-300x53.jpg 300w, https:\/\/v-o-e.fr\/wp-content\/uploads\/2015\/05\/Leifo-400x71.jpg 400w, https:\/\/v-o-e.fr\/wp-content\/uploads\/2015\/05\/Leifo.jpg 452w\" sizes=\"(max-width: 300px) 100vw, 300px\" \/><\/a><\/p>\n<div class=\"fusion-clearfix\"><\/div>\n\n\t\t\t<\/div>\n\t\t<\/div><div  class=\"fusion-layout-column fusion_builder_column fusion_builder_column_1_4  fusion-one-fourth 1_4\"  style='margin-top:0px;margin-bottom:20px;width:25%;width:calc(25% - ( ( 4% + 4% ) * 0.25 ) );margin-right: 4%;'>\n\t\t\t<div class=\"fusion-column-wrapper\" style=\"background-position:left top;background-repeat:no-repeat;-webkit-background-size:cover;-moz-background-size:cover;-o-background-size:cover;background-size:cover;\"  data-bg-url=\"\">\n\t\t\t\t<h4><strong>Comit\u00e9 R\u00e9gional d&rsquo;Escrime d&rsquo;\u00cele de France<\/strong><\/h4>\n<p><a href=\"http:\/\/www.creif.fr\/\"><img loading=\"lazy\" decoding=\"async\" class=\"alignnone wp-image-1005 size-large\" src=\"http:\/\/v-o-e.fr\/wp-content\/uploads\/2015\/05\/CREIF-1024x118.gif\" alt=\"Le comit\u00e9 r\u00e9gional d'escrime d'\u00cele de France fait partie de nos partenaires\" width=\"1024\" height=\"118\" \/><\/a><\/p>\n<div class=\"fusion-clearfix\"><\/div>\n\n\t\t\t<\/div>\n\t\t<\/div><div  class=\"fusion-layout-column fusion_builder_column fusion_builder_column_1_4  fusion-one-fourth fusion-column-last 1_4\"  style='margin-top:0px;margin-bottom:20px;width:25%;width:calc(25% - ( ( 4% + 4% ) * 0.25 ) );'>\n\t\t\t<div class=\"fusion-column-wrapper\" style=\"background-position:left top;background-repeat:no-repeat;-webkit-background-size:cover;-moz-background-size:cover;-o-background-size:cover;background-size:cover;\"  data-bg-url=\"\">\n\t\t\t\t<h4><strong>Escrime Info<\/strong><\/h4>\n<p><a href=\"http:\/\/www.escrime-info.com\/\"><img loading=\"lazy\" decoding=\"async\" class=\"alignnone wp-image-967\" src=\"http:\/\/v-o-e.fr\/wp-content\/uploads\/2015\/05\/Escrile-info-300x64.jpg\" alt=\"Escrime info fait partie de nos partenaires\" width=\"300\" height=\"64\" srcset=\"https:\/\/v-o-e.fr\/wp-content\/uploads\/2015\/05\/Escrile-info-200x43.jpg 200w, https:\/\/v-o-e.fr\/wp-content\/uploads\/2015\/05\/Escrile-info-300x64.jpg 300w, https:\/\/v-o-e.fr\/wp-content\/uploads\/2015\/05\/Escrile-info-400x86.jpg 400w, https:\/\/v-o-e.fr\/wp-content\/uploads\/2015\/05\/Escrile-info.jpg 486w\" sizes=\"(max-width: 300px) 100vw, 300px\" \/><\/a><\/p>\n<div class=\"fusion-clearfix\"><\/div>\n\n\t\t\t<\/div>\n\t\t<\/div><\/div><\/div>\n","protected":false},"excerpt":{"rendered":"","protected":false},"author":1,"featured_media":0,"parent":0,"menu_order":0,"comment_status":"open","ping_status":"open","template":"100-width.php","meta":{"footnotes":""},"_links":{"self":[{"href":"https:\/\/v-o-e.fr\/index.php\/wp-json\/wp\/v2\/pages\/82"}],"collection":[{"href":"https:\/\/v-o-e.fr\/index.php\/wp-json\/wp\/v2\/pages"}],"about":[{"href":"https:\/\/v-o-e.fr\/index.php\/wp-json\/wp\/v2\/types\/page"}],"author":[{"embeddable":true,"href":"https:\/\/v-o-e.fr\/index.php\/wp-json\/wp\/v2\/users\/1"}],"replies":[{"embeddable":true,"href":"https:\/\/v-o-e.fr\/index.php\/wp-json\/wp\/v2\/comments?post=82"}],"version-history":[{"count":48,"href":"https:\/\/v-o-e.fr\/index.php\/wp-json\/wp\/v2\/pages\/82\/revisions"}],"predecessor-version":[{"id":2333,"href":"https:\/\/v-o-e.fr\/index.php\/wp-json\/wp\/v2\/pages\/82\/revisions\/2333"}],"wp:attachment":[{"href":"https:\/\/v-o-e.fr\/index.php\/wp-json\/wp\/v2\/media?parent=82"}],"curies":[{"name":"wp","href":"https:\/\/api.w.org\/{rel}","templated":true}]}}