{"id":525,"date":"2015-11-19T17:26:03","date_gmt":"2015-11-19T16:26:03","guid":{"rendered":"https:\/\/avada.theme-fusion.com\/gym\/?page_id=525"},"modified":"2025-07-09T00:52:29","modified_gmt":"2025-07-08T22:52:29","slug":"inscriptions","status":"publish","type":"page","link":"https:\/\/v-o-e.fr\/index.php\/inscriptions\/","title":{"rendered":"INSCRIPTION"},"content":{"rendered":"<div  class=\"fusion-fullwidth fullwidth-box nonhundred-percent-fullwidth\"  style='background-color: #25292b;background-position: center center;background-repeat: no-repeat;padding-top:20px;padding-right:0px;padding-bottom:20px;padding-left:0px;'><div class=\"fusion-builder-row fusion-row \"><div  class=\"fusion-layout-column fusion_builder_column fusion_builder_column_1_1  fusion-one-full fusion-column-first fusion-column-last 1_1\"  style='margin-top:0px;margin-bottom:20px;'>\n\t\t\t<div class=\"fusion-column-wrapper\" style=\"background-position:left top;background-repeat:no-repeat;-webkit-background-size:cover;-moz-background-size:cover;-o-background-size:cover;background-size:cover;\"  data-bg-url=\"\">\n\t\t\t\t<h3 style=\"text-align: center;\"><span style=\"color: #ffffff;\">Pour r\u00e9aliser votre inscription<\/span><\/h3>\n<p style=\"text-align: justify;\"><span style=\"color: #ffffff;\"><strong>Dossier : documents \u00e0 compl\u00e9ter<br \/>\n<\/strong><\/span><\/p>\n<p style=\"text-align: justify;\"><span style=\"color: #ffffff;\">Vous devez compl\u00e9ter la fiche d&rsquo;inscription ;<\/span><\/p>\n<p style=\"text-align: justify;\"><span style=\"color: #ffffff;\">Pour les <strong>MINEURS<\/strong> (<strong>nouveaux adh\u00e9rents <\/strong>ou<strong>\u00a0renouvellement de licence)<\/strong>, <strong>vous n&rsquo;\u00eates plus dans l&rsquo;obligation de fournir un certificat m\u00e9dical<\/strong>\u00a0de non contre-indication \u00e0 la pratique de l&rsquo;escrime.\u00a0Toutefois, il est obligatoire de remplir l&rsquo;auto-questionnaire de sant\u00e9 et de fournir l&rsquo;attestation de sant\u00e9. <strong>Sauf en cas de surclassement<\/strong>, o\u00f9 un certificat m\u00e9dical sera n\u00e9cessaire.\u00a0<\/span><\/p>\n<p style=\"text-align: justify;\"><span style=\"color: #ffffff;\">Pour les <strong>MAJEURS<\/strong>, il faut un certificat m\u00e9dical d\u00e8s la premi\u00e8re s\u00e9ance dans les cas suivants\u00a0:<\/span><\/p>\n<p style=\"text-align: justify;\"><span style=\"color: #ffffff;\">\u00a0 * pour tous <strong>les nouveaux adh\u00e9rents ;<\/strong><\/span><\/p>\n<p style=\"text-align: justify;\"><span style=\"color: #ffffff;\">\u00a0 *\u00a0pour les <strong>v\u00e9t\u00e9rans<\/strong> (40 ans et +) ;<\/span><\/p>\n<p style=\"text-align: justify;\"><span style=\"color: #ffffff;\">\u00a0 * si vous avez r\u00e9pondu \u00ab\u00a0OUI\u00a0\u00bb \u00e0 une ou plusieurs questions dans l\u2019auto-questionnaire de sant\u00e9 ;<\/span><\/p>\n<p style=\"text-align: justify;\"><span style=\"color: #ffffff;\">\u00a0 * si votre certificat m\u00e9dical a plus de 3 ans (sauf v\u00e9t\u00e9rans).<\/span><\/p>\n<p style=\"text-align: justify;\"><span style=\"color: #ffffff;\"><strong>Dossier : documents \u00e0 consulter<br \/>\n<\/strong><\/span><\/p>\n<p style=\"text-align: justify;\"><span style=\"color: #ffffff;\">Vous trouverez toutes les infos utiles pour cette saison :<\/span><\/p>\n<p style=\"text-align: justify;\"><span style=\"color: #ffffff;\">\u00a0 * les tarifs et les horaires<\/span><\/p>\n<p style=\"text-align: justify;\"><span style=\"color: #ffffff;\">\u00a0 * les attestations Assurance AIAC incluses dans votre licence<\/span><\/p>\n<p style=\"text-align: justify;\"><span style=\"color: #ffffff;\">\u00a0 * le r\u00e8glement int\u00e9rieur du Val d&rsquo;Orge Escrime<\/span><\/p>\n<p style=\"text-align: justify;\"><span style=\"color: #ffffff;\">\u00a0 * la liste du mat\u00e9riel \u00e0 poss\u00e9der en fonction de votre cat\u00e9gorie<\/span><\/p>\n<p style=\"text-align: justify;\"><span style=\"color: #ffffff;\">\u00a0<\/span><\/p>\n<div class=\"fusion-clearfix\"><\/div>\n\n\t\t\t<\/div>\n\t\t<\/div><div  class=\"fusion-layout-column fusion_builder_column fusion_builder_column_1_3  fusion-one-third fusion-column-first 1_3\"  style='margin-top:0px;margin-bottom:20px;width:33.33%;width:calc(33.33% - ( ( 4% + 4% ) * 0.3333 ) );margin-right: 4%;'>\n\t\t\t<div class=\"fusion-column-wrapper\" style=\"background-position:left top;background-repeat:no-repeat;-webkit-background-size:cover;-moz-background-size:cover;-o-background-size:cover;background-size:cover;\"  data-bg-url=\"\">\n\t\t\t\t<style type='text\/css'>.reading-box-container-1 .element-bottomshadow:before,.reading-box-container-1 .element-bottomshadow:after{opacity:0.7;}<\/style><div class=\"fusion-reading-box-container reading-box-container-1\" style=\"margin-top:0px;margin-bottom:84px;\"><div class=\"reading-box element-bottomshadow\" style=\"background-color:#3e3e3e;border-width:1px;border-color:#3e3e3e;border-left-width:3px;border-left-color:#f44336;border-style:solid;\"><div class=\"reading-box-additional\">\n<h3 style=\"text-align: center;\"><a href=\"http:\/\/v-o-e.fr\/index.php\/inscriptions\/documents-a-completer\">Documents \u00e0 compl\u00e9ter<\/a><\/h3>\n<\/div><\/div><\/div><div class=\"fusion-clearfix\"><\/div>\n\n\t\t\t<\/div>\n\t\t<\/div><div  class=\"fusion-layout-column fusion_builder_column fusion_builder_column_1_3  fusion-one-third 1_3\"  style='margin-top:0px;margin-bottom:20px;width:33.33%;width:calc(33.33% - ( ( 4% + 4% ) * 0.3333 ) );margin-right: 4%;'>\n\t\t\t<div class=\"fusion-column-wrapper\" style=\"background-position:left top;background-repeat:no-repeat;-webkit-background-size:cover;-moz-background-size:cover;-o-background-size:cover;background-size:cover;\"  data-bg-url=\"\">\n\t\t\t\t<style type='text\/css'>.reading-box-container-2 .element-bottomshadow:before,.reading-box-container-2 .element-bottomshadow:after{opacity:0.7;}<\/style><div class=\"fusion-reading-box-container reading-box-container-2\" style=\"margin-top:0px;margin-bottom:84px;\"><div class=\"reading-box element-bottomshadow\" style=\"background-color:#3e3e3e;border-width:1px;border-color:#3e3e3e;border-left-width:3px;border-left-color:#f44336;border-style:solid;\"><div class=\"reading-box-additional\">\n<h3 style=\"text-align: center;\"><a href=\"http:\/\/v-o-e.fr\/index.php\/inscriptions\/documents-a-consulter\">Documents \u00e0 consulter<\/a><\/h3>\n<\/div><\/div><\/div><div class=\"fusion-clearfix\"><\/div>\n\n\t\t\t<\/div>\n\t\t<\/div><div  class=\"fusion-layout-column fusion_builder_column fusion_builder_column_1_3  fusion-one-third fusion-column-last 1_3\"  style='margin-top:0px;margin-bottom:20px;width:33.33%;width:calc(33.33% - ( ( 4% + 4% ) * 0.3333 ) );'>\n\t\t\t<div class=\"fusion-column-wrapper\" style=\"background-position:left top;background-repeat:no-repeat;-webkit-background-size:cover;-moz-background-size:cover;-o-background-size:cover;background-size:cover;\"  data-bg-url=\"\">\n\t\t\t\t<style type='text\/css'>.reading-box-container-3 .element-bottomshadow:before,.reading-box-container-3 .element-bottomshadow:after{opacity:0.7;}<\/style><div class=\"fusion-reading-box-container reading-box-container-3\" style=\"margin-top:0px;margin-bottom:84px;\"><div class=\"reading-box element-bottomshadow\" style=\"background-color:#3e3e3e;border-width:1px;border-color:#3e3e3e;border-left-width:3px;border-left-color:#f44336;border-style:solid;\"><div class=\"reading-box-additional\">\n<h3 style=\"text-align: center;\"><a href=\"http:\/\/v-o-e.fr\/index.php\/inscriptions\/reglement-cb\/\">R\u00e8glement CB<\/a><\/h3>\n<\/div><\/div><\/div><div class=\"fusion-clearfix\"><\/div>\n\n\t\t\t<\/div>\n\t\t<\/div><\/div><\/div>\n","protected":false},"excerpt":{"rendered":"","protected":false},"author":1,"featured_media":0,"parent":0,"menu_order":0,"comment_status":"closed","ping_status":"closed","template":"100-width.php","meta":{"footnotes":""},"_links":{"self":[{"href":"https:\/\/v-o-e.fr\/index.php\/wp-json\/wp\/v2\/pages\/525"}],"collection":[{"href":"https:\/\/v-o-e.fr\/index.php\/wp-json\/wp\/v2\/pages"}],"about":[{"href":"https:\/\/v-o-e.fr\/index.php\/wp-json\/wp\/v2\/types\/page"}],"author":[{"embeddable":true,"href":"https:\/\/v-o-e.fr\/index.php\/wp-json\/wp\/v2\/users\/1"}],"replies":[{"embeddable":true,"href":"https:\/\/v-o-e.fr\/index.php\/wp-json\/wp\/v2\/comments?post=525"}],"version-history":[{"count":31,"href":"https:\/\/v-o-e.fr\/index.php\/wp-json\/wp\/v2\/pages\/525\/revisions"}],"predecessor-version":[{"id":4983,"href":"https:\/\/v-o-e.fr\/index.php\/wp-json\/wp\/v2\/pages\/525\/revisions\/4983"}],"wp:attachment":[{"href":"https:\/\/v-o-e.fr\/index.php\/wp-json\/wp\/v2\/media?parent=525"}],"curies":[{"name":"wp","href":"https:\/\/api.w.org\/{rel}","templated":true}]}}