{"id":3406,"date":"2021-07-02T11:35:56","date_gmt":"2021-07-02T09:35:56","guid":{"rendered":"http:\/\/v-o-e.fr\/?page_id=3406"},"modified":"2024-09-28T14:18:36","modified_gmt":"2024-09-28T12:18:36","slug":"reglement-cb","status":"publish","type":"page","link":"https:\/\/v-o-e.fr\/index.php\/inscriptions\/reglement-cb\/","title":{"rendered":"INSCRIPTION"},"content":{"rendered":"<div  class=\"fusion-fullwidth fullwidth-box nonhundred-percent-fullwidth\"  style='background-color: #25292b;background-position: center center;background-repeat: no-repeat;padding-top:20px;padding-right:0px;padding-bottom:20px;padding-left:0px;'><div class=\"fusion-builder-row fusion-row \">\n<div  class=\"fusion-layout-column fusion_builder_column fusion_builder_column_1_1  fusion-one-full fusion-column-first fusion-column-last 1_1\"  style='margin-top:0px;margin-bottom:20px;'>\n\t\t\t<div class=\"fusion-column-wrapper\" style=\"background-position:left top;background-repeat:no-repeat;-webkit-background-size:cover;-moz-background-size:cover;-o-background-size:cover;background-size:cover;\"  data-bg-url=\"\">\n\t\t\t\t\n<style type='text\/css'>.reading-box-container-1 .element-bottomshadow:before,.reading-box-container-1 .element-bottomshadow:after{opacity:0.7;}<\/style><div class=\"fusion-reading-box-container reading-box-container-1\" style=\"margin-top:0px;margin-bottom:84px;\"><div class=\"reading-box\" style=\"background-color:#3e3e3e;border-width:1px;border-color:#3e3e3e;border-left-width:3px;border-left-color:#f44336;border-style:solid;\"><h2> <\/h2><div class=\"reading-box-description\"> <\/div><div class=\"reading-box-additional\">\n<p><span style=\"color: #ffffff;\">Vous trouverez sur cette page tous les liens vers le r\u00e8glement par virement bancaire de nos formules d&rsquo;adh\u00e9sion au club :<\/span><\/p>\n<table style=\"height: 269px;\" width=\"620\">\n<tbody>\n<tr>\n<td width=\"310\"><\/td>\n<td width=\"312\"><\/td>\n<\/tr>\n<tr>\n<td width=\"310\">\n<h3 style=\"text-align: center;\"><span style=\"color: #ffffff;\"><a style=\"color: #ffffff;\" href=\"https:\/\/www.helloasso.com\/associations\/val-d-orge-escrime\/adhesions\/adhesion-voe-saison-2024-2025\">R\u00e8glement au comptant<\/a><\/span><\/h3>\n<p style=\"text-align: center;\"><span style=\"color: #ffffff;\">Adh\u00e9sion de Baby Escrime \u00e0 V\u00e9t\u00e9rans<\/span><\/p>\n<\/td>\n<td width=\"312\">\n<h3 style=\"text-align: center;\"><span style=\"color: #ffffff;\"><a style=\"color: #ffffff;\" href=\"https:\/\/www.helloasso.com\/associations\/val-d-orge-escrime\/adhesions\/adhesion-voe-saison-2024-2025\">R\u00e8glement en 3 fois<\/a><\/span><\/h3>\n<p style=\"text-align: center;\"><span style=\"color: #ffffff;\">Adh\u00e9sion de Baby Escrime \u00e0 V\u00e9t\u00e9rans<\/span><\/p>\n<\/td>\n<\/tr>\n<tr>\n<td width=\"310\"><\/td>\n<td width=\"312\"><\/td>\n<\/tr>\n<tr>\n<td width=\"310\">\n<h3 style=\"text-align: center;\"><span style=\"color: #ffffff;\"><a style=\"color: #ffffff;\" href=\"https:\/\/www.helloasso.com\/associations\/val-d-orge-escrime\/adhesions\/inscription-2022-2023-carte-decouverte\">Carte DECOUVERTE<\/a><\/span><\/h3>\n<p style=\"text-align: center;\"><span style=\"color: #ffffff;\">10 s\u00e9ances \u00e0 partir de M17 (15 &#8211; 16 ans)<\/span><\/p>\n<\/td>\n<td width=\"312\">\n<h3 style=\"text-align: center;\"><span style=\"color: #ffffff;\">\u00a0<a style=\"color: #ffffff;\" href=\"https:\/\/www.helloasso.com\/associations\/val-d-orge-escrime\/adhesions\/adhesion-saison-2023-2024\" data-wplink-edit=\"true\">Licence B\u00e9n\u00e9vole<\/a><\/span><\/h3>\n<\/td>\n<\/tr>\n<\/tbody>\n<\/table>\n<p><span style=\"color: #ffffff;\">Pour toute question particuli\u00e8re ou besoin d\u2019assistance, vous pouvez nous contacter.<\/span><\/p>\n<\/div><\/div><\/div><div class=\"fusion-clearfix\"><\/div>\n\n\t\t\t<\/div>\n\t\t<\/div><\/div><\/div>\n","protected":false},"excerpt":{"rendered":"","protected":false},"author":1,"featured_media":0,"parent":525,"menu_order":3,"comment_status":"closed","ping_status":"closed","template":"","meta":{"footnotes":""},"_links":{"self":[{"href":"https:\/\/v-o-e.fr\/index.php\/wp-json\/wp\/v2\/pages\/3406"}],"collection":[{"href":"https:\/\/v-o-e.fr\/index.php\/wp-json\/wp\/v2\/pages"}],"about":[{"href":"https:\/\/v-o-e.fr\/index.php\/wp-json\/wp\/v2\/types\/page"}],"author":[{"embeddable":true,"href":"https:\/\/v-o-e.fr\/index.php\/wp-json\/wp\/v2\/users\/1"}],"replies":[{"embeddable":true,"href":"https:\/\/v-o-e.fr\/index.php\/wp-json\/wp\/v2\/comments?post=3406"}],"version-history":[{"count":19,"href":"https:\/\/v-o-e.fr\/index.php\/wp-json\/wp\/v2\/pages\/3406\/revisions"}],"predecessor-version":[{"id":4723,"href":"https:\/\/v-o-e.fr\/index.php\/wp-json\/wp\/v2\/pages\/3406\/revisions\/4723"}],"up":[{"embeddable":true,"href":"https:\/\/v-o-e.fr\/index.php\/wp-json\/wp\/v2\/pages\/525"}],"wp:attachment":[{"href":"https:\/\/v-o-e.fr\/index.php\/wp-json\/wp\/v2\/media?parent=3406"}],"curies":[{"name":"wp","href":"https:\/\/api.w.org\/{rel}","templated":true}]}}