{"id":2441,"date":"2017-09-19T00:22:51","date_gmt":"2017-09-18T22:22:51","guid":{"rendered":"http:\/\/v-o-e.fr\/?page_id=2441"},"modified":"2022-07-28T15:29:58","modified_gmt":"2022-07-28T13:29:58","slug":"de-13-ans","status":"publish","type":"page","link":"https:\/\/v-o-e.fr\/index.php\/vie-du-club\/trombinoscope\/de-13-ans\/","title":{"rendered":"Caract\u00e9ristiques et bienfaits de l&rsquo;escrime"},"content":{"rendered":"<p><span style=\"color: #000000;\"><div  class=\"fusion-fullwidth fullwidth-box nonhundred-percent-fullwidth\"  style='background-color: #25292b;background-position: center center;background-repeat: no-repeat;padding-top:0px;padding-right:0px;padding-bottom:0px;padding-left:0px;'><div class=\"fusion-builder-row fusion-row \"><div  class=\"fusion-layout-column fusion_builder_column fusion_builder_column_1_1  fusion-one-full fusion-column-first fusion-column-last 1_1\"  style='margin-top:0px;margin-bottom:0px;'>\n\t\t\t<div class=\"fusion-column-wrapper\" style=\"background-position:left top;background-repeat:no-repeat;-webkit-background-size:cover;-moz-background-size:cover;-o-background-size:cover;background-size:cover;\"  data-bg-url=\"\">\n\t\t\t\t<p><\/span><\/p>\n<h2><span style=\"color: #ffffff;\">Caract\u00e9ristiques<\/span><\/h2>\n<p><span style=\"color: #ffffff;\">Les experts du MEDICOSPORT-SANTE ont retenu six caract\u00e9ristiques g\u00e9n\u00e9rales\u00a0de l&rsquo;activit\u00e9 de la discipline concern\u00e9e dans le but de pr\u00e9ciser les sp\u00e9cificit\u00e9s\u00a0 de chacune des disciplines sportives :<\/span><\/p>\n<ul>\n<li><span style=\"color: #ffffff;\">caract\u00e8re ludique ;<\/span><\/li>\n<li><span style=\"color: #ffffff;\">intensit\u00e9 cardiorespiratoire ;<\/span><\/li>\n<li><span style=\"color: #ffffff;\">intensit\u00e9 de l&rsquo;effort musculaire ;<\/span><\/li>\n<li><span style=\"color: #ffffff;\">interactions sociales ;<\/span><\/li>\n<li><span style=\"color: #ffffff;\">sollicitation m\u00e9caniques du squelette ;<\/span><\/li>\n<li><span style=\"color: #ffffff;\">technicit\u00e9 (comp\u00e9tences motrices et cognitives).<\/span><\/li>\n<\/ul>\n<p><span style=\"color: #ffffff;\">Elles sont quantifi\u00e9es sur une \u00e9chelle de faible \u00e0 tr\u00e8s important (4 niveaux). Pour notre discipline, cela donne :<\/span><\/p>\n<h3 style=\"text-align: center;\"><span style=\"color: #ffffff;\"><a style=\"color: #ffffff;\" href=\"http:\/\/v-o-e.fr\/wp-content\/uploads\/2022\/07\/Caracterisitiques-de-lactivite.pdf\">Caract\u00e9ristiques de l&rsquo;activit\u00e9<\/a><\/span><\/h3>\n<h2><span style=\"color: #ffffff;\">B\u00e9n\u00e9fices potentiels<\/span><\/h2>\n<p><span style=\"color: #ffffff;\">Dans les conditions optimales de pratique, l&rsquo;activit\u00e9 sportive peut induire des b\u00e9n\u00e9fices pour la sant\u00e9. Le MEDICOSPORT-SANTE les classe en quatre familles :<\/span><\/p>\n<ul>\n<li><span style=\"color: #ffffff;\">condition physique g\u00e9n\u00e9rale ;<\/span><\/li>\n<li><span style=\"color: #ffffff;\">syst\u00e8me musculo-squelettique ;<\/span><\/li>\n<li><span style=\"color: #ffffff;\">fonctions cognitives\u00a0 ;<\/span><\/li>\n<li><span style=\"color: #ffffff;\">int\u00e9r\u00eats psychosocial.<\/span><\/li>\n<\/ul>\n<p><span style=\"color: #ffffff;\">Ils sont \u00e9valu\u00e9s sur une \u00e9chelle verbale : b\u00e9n\u00e9fice faible, mod\u00e9r\u00e9, important, tr\u00e8s important.<\/span><\/p>\n<p><span style=\"color: #ffffff;\">Pour l&rsquo;escrime :<\/span><\/p>\n<h3 style=\"text-align: center;\"><span style=\"color: #ffffff;\"><a style=\"color: #ffffff;\" href=\"http:\/\/v-o-e.fr\/wp-content\/uploads\/2022\/07\/Benefices-potentiels-escrime.pdf\">B\u00e9n\u00e9fices potentiels escrime<\/a><\/span><\/h3>\n<p><span style=\"color: #000000;\"><\/p>\n<div class=\"fusion-sep-clear\"><\/div><div class=\"fusion-separator fusion-full-width-sep sep-shadow\" style=\"background:radial-gradient(ellipse at 50% -50% , #3e3e3e 0px, rgba(255, 255, 255, 0) 80%) repeat scroll 0 0 rgba(0, 0, 0, 0);background:-webkit-radial-gradient(ellipse at 50% -50% , #3e3e3e 0px, rgba(255, 255, 255, 0) 80%) repeat scroll 0 0 rgba(0, 0, 0, 0);background:-moz-radial-gradient(ellipse at 50% -50% , #3e3e3e 0px, rgba(255, 255, 255, 0) 80%) repeat scroll 0 0 rgba(0, 0, 0, 0);background:-o-radial-gradient(ellipse at 50% -50% , #3e3e3e 0px, rgba(255, 255, 255, 0) 80%) repeat scroll 0 0 rgba(0, 0, 0, 0);margin-left: auto;margin-right: auto;margin-top:;\"><\/div><div class=\"fusion-clearfix\"><\/div>\n\n\t\t\t<\/div>\n\t\t<\/div><\/div><\/div><div  class=\"fusion-fullwidth fullwidth-box nonhundred-percent-fullwidth\"  style='background-color: #25292b;background-position: center center;background-repeat: no-repeat;padding-top:20px;padding-right:0px;padding-bottom:20px;padding-left:0px;'><div class=\"fusion-builder-row fusion-row \"><\/div><\/div><\/span><\/p>\n","protected":false},"excerpt":{"rendered":"","protected":false},"author":1,"featured_media":0,"parent":897,"menu_order":5,"comment_status":"closed","ping_status":"closed","template":"","meta":{"footnotes":""},"_links":{"self":[{"href":"https:\/\/v-o-e.fr\/index.php\/wp-json\/wp\/v2\/pages\/2441"}],"collection":[{"href":"https:\/\/v-o-e.fr\/index.php\/wp-json\/wp\/v2\/pages"}],"about":[{"href":"https:\/\/v-o-e.fr\/index.php\/wp-json\/wp\/v2\/types\/page"}],"author":[{"embeddable":true,"href":"https:\/\/v-o-e.fr\/index.php\/wp-json\/wp\/v2\/users\/1"}],"replies":[{"embeddable":true,"href":"https:\/\/v-o-e.fr\/index.php\/wp-json\/wp\/v2\/comments?post=2441"}],"version-history":[{"count":19,"href":"https:\/\/v-o-e.fr\/index.php\/wp-json\/wp\/v2\/pages\/2441\/revisions"}],"predecessor-version":[{"id":3812,"href":"https:\/\/v-o-e.fr\/index.php\/wp-json\/wp\/v2\/pages\/2441\/revisions\/3812"}],"up":[{"embeddable":true,"href":"https:\/\/v-o-e.fr\/index.php\/wp-json\/wp\/v2\/pages\/897"}],"wp:attachment":[{"href":"https:\/\/v-o-e.fr\/index.php\/wp-json\/wp\/v2\/media?parent=2441"}],"curies":[{"name":"wp","href":"https:\/\/api.w.org\/{rel}","templated":true}]}}