{"id":1671,"date":"2017-02-22T18:05:46","date_gmt":"2017-02-22T17:05:46","guid":{"rendered":"http:\/\/v-o-e.fr\/?page_id=1671"},"modified":"2017-03-09T16:15:35","modified_gmt":"2017-03-09T15:15:35","slug":"soirees-parents-escrime","status":"publish","type":"page","link":"https:\/\/v-o-e.fr\/index.php\/vie-du-club\/manifestations\/soirees-parents-escrime\/","title":{"rendered":"Nos soir\u00e9es Parents-Escrime"},"content":{"rendered":"<p><div  class=\"fusion-fullwidth fullwidth-box nonhundred-percent-fullwidth\"  style='background-color: #25292b;background-position: center center;background-repeat: no-repeat;padding-top:20px;padding-right:0px;padding-bottom:20px;padding-left:0px;'><div class=\"fusion-builder-row fusion-row \"><div  class=\"fusion-layout-column fusion_builder_column fusion_builder_column_1_1  fusion-one-full fusion-column-first fusion-column-last 1_1\"  style='margin-top:0px;margin-bottom:20px;'>\n\t\t\t<div class=\"fusion-column-wrapper\" style=\"background-position:left top;background-repeat:no-repeat;-webkit-background-size:cover;-moz-background-size:cover;-o-background-size:cover;background-size:cover;\"  data-bg-url=\"\">\n\t\t\t\t<h4 style=\"text-align: justify;\">Le club propose aux parents d&rsquo;enfants escrimeurs de venir le temps d&rsquo;une soir\u00e9e pratiquer ce sport qui demande autant de r\u00e9flexion que de condition physique.<\/h4>\n<h4 style=\"text-align: justify;\">Les soir\u00e9es commenceront par un petit \u00e9chauffement, suivi d&rsquo;un cours th\u00e9orique sur les fondamentaux, puis par des assauts entre vous pour terminer par des combats avec le groupe \u00e9p\u00e9e-loisirs.<\/h4>\n<h4 style=\"text-align: justify;\">Ces soir\u00e9es auront lieu les lundis pr\u00e9c\u00e9dents les vacances scolaires : lundi 12 d\u00e9cembre 2016 &#8211; lundi 27 mars 2017 &#8211; lundi 12 juin 2017.<\/h4>\n<div class=\"fusion-sep-clear\"><\/div><div class=\"fusion-separator fusion-no-medium-visibility fusion-full-width-sep sep-shadow\" style=\"background:radial-gradient(ellipse at 50% -50% , #3e3e3e 0px, rgba(255, 255, 255, 0) 80%) repeat scroll 0 0 rgba(0, 0, 0, 0);background:-webkit-radial-gradient(ellipse at 50% -50% , #3e3e3e 0px, rgba(255, 255, 255, 0) 80%) repeat scroll 0 0 rgba(0, 0, 0, 0);background:-moz-radial-gradient(ellipse at 50% -50% , #3e3e3e 0px, rgba(255, 255, 255, 0) 80%) repeat scroll 0 0 rgba(0, 0, 0, 0);background:-o-radial-gradient(ellipse at 50% -50% , #3e3e3e 0px, rgba(255, 255, 255, 0) 80%) repeat scroll 0 0 rgba(0, 0, 0, 0);margin-left: auto;margin-right: auto;margin-top:;\"><\/div><div class=\"fusion-clearfix\"><\/div>\n\n\t\t\t<\/div>\n\t\t<\/div><\/div><\/div><div  class=\"fusion-fullwidth fullwidth-box nonhundred-percent-fullwidth\"  style='background-color: #25292b;background-position: center center;background-repeat: no-repeat;padding-top:20px;padding-right:0px;padding-bottom:20px;padding-left:0px;'><div class=\"fusion-builder-row fusion-row \"><div  class=\"fusion-layout-column fusion_builder_column fusion_builder_column_1_1  fusion-one-full fusion-column-first fusion-column-last 1_1\"  style='margin-top:0px;margin-bottom:20px;'>\n\t\t\t<div class=\"fusion-column-wrapper\" style=\"background-position:left top;background-repeat:no-repeat;-webkit-background-size:cover;-moz-background-size:cover;-o-background-size:cover;background-size:cover;\"  data-bg-url=\"\">\n\t\t\t\t<h4>B\u00e9reng\u00e8re (maman d\u2019Alexandre), Muriel et Pascal (parents de Flavien) ont pu gouter aux joies de l\u2019escrime avec notre Ma\u00eetre d&rsquo;armes Yann ce lundi 12 d\u00e9cembre 2016.<\/h4>\n<div class=\"fusion-image-carousel fusion-image-carousel-auto fusion-carousel-border\"><div class=\"fusion-carousel\" data-autoplay=\"yes\" data-columns=\"3\" data-itemmargin=\"13\" data-itemwidth=\"180\" data-touchscroll=\"no\" data-imagesize=\"auto\"><div class=\"fusion-carousel-positioner\"><ul class=\"fusion-carousel-holder\"><li class=\"fusion-carousel-item\"><div class=\"fusion-carousel-item-wrapper\"><div class=\"fusion-image-wrapper hover-type-zoomout\"><img decoding=\"async\" src=\"http:\/\/v-o-e.fr\/wp-content\/uploads\/2017\/02\/sp3-231x300.jpg\" alt=\"B\u00e9reng\u00e8re (maman d\u2019Alexandre), Muriel et Pascal (parents de Flavien) ont pu gouter aux joies de l\u2019escrime\"\/><\/div><\/div><\/li><li class=\"fusion-carousel-item\"><div class=\"fusion-carousel-item-wrapper\"><div class=\"fusion-image-wrapper hover-type-zoomout\"><img decoding=\"async\" src=\"http:\/\/v-o-e.fr\/wp-content\/uploads\/2017\/02\/sp-1-300x171.jpg\" alt=\"\"\/><\/div><\/div><\/li><li class=\"fusion-carousel-item\"><div class=\"fusion-carousel-item-wrapper\"><div class=\"fusion-image-wrapper hover-type-zoomout\"><img decoding=\"async\" src=\"http:\/\/v-o-e.fr\/wp-content\/uploads\/2017\/02\/sp-2-300x268.jpg\" alt=\"\"\/><\/div><\/div><\/li><\/ul><div class=\"fusion-carousel-nav\"><span class=\"fusion-nav-prev\"><\/span><span class=\"fusion-nav-next\"><\/span><\/div><\/div><\/div><\/div><div class=\"fusion-clearfix\"><\/div>\n\n\t\t\t<\/div>\n\t\t<\/div><\/div><\/div><\/p>\n","protected":false},"excerpt":{"rendered":"","protected":false},"author":1,"featured_media":0,"parent":899,"menu_order":2,"comment_status":"closed","ping_status":"closed","template":"","meta":{"footnotes":""},"_links":{"self":[{"href":"https:\/\/v-o-e.fr\/index.php\/wp-json\/wp\/v2\/pages\/1671"}],"collection":[{"href":"https:\/\/v-o-e.fr\/index.php\/wp-json\/wp\/v2\/pages"}],"about":[{"href":"https:\/\/v-o-e.fr\/index.php\/wp-json\/wp\/v2\/types\/page"}],"author":[{"embeddable":true,"href":"https:\/\/v-o-e.fr\/index.php\/wp-json\/wp\/v2\/users\/1"}],"replies":[{"embeddable":true,"href":"https:\/\/v-o-e.fr\/index.php\/wp-json\/wp\/v2\/comments?post=1671"}],"version-history":[{"count":27,"href":"https:\/\/v-o-e.fr\/index.php\/wp-json\/wp\/v2\/pages\/1671\/revisions"}],"predecessor-version":[{"id":2044,"href":"https:\/\/v-o-e.fr\/index.php\/wp-json\/wp\/v2\/pages\/1671\/revisions\/2044"}],"up":[{"embeddable":true,"href":"https:\/\/v-o-e.fr\/index.php\/wp-json\/wp\/v2\/pages\/899"}],"wp:attachment":[{"href":"https:\/\/v-o-e.fr\/index.php\/wp-json\/wp\/v2\/media?parent=1671"}],"curies":[{"name":"wp","href":"https:\/\/api.w.org\/{rel}","templated":true}]}}