{"id":1563,"date":"2017-02-21T14:25:23","date_gmt":"2017-02-21T13:25:23","guid":{"rendered":"http:\/\/v-o-e.fr\/?page_id=1563"},"modified":"2017-09-05T17:09:17","modified_gmt":"2017-09-05T15:09:17","slug":"reparations","status":"publish","type":"page","link":"https:\/\/v-o-e.fr\/index.php\/boutique\/boutique-officielle\/reparations\/","title":{"rendered":"R\u00e9parations"},"content":{"rendered":"<div  class=\"fusion-fullwidth fullwidth-box nonhundred-percent-fullwidth\"  style='background-color: #25292b;background-position: center center;background-repeat: no-repeat;padding-top:20px;padding-right:0px;padding-bottom:20px;padding-left:0px;'><div class=\"fusion-builder-row fusion-row \"><div  class=\"fusion-layout-column fusion_builder_column fusion_builder_column_1_1  fusion-one-full fusion-column-first fusion-column-last 1_1\"  style='margin-top:0px;margin-bottom:20px;'>\n\t\t\t<div class=\"fusion-column-wrapper\" style=\"background-position:left top;background-repeat:no-repeat;-webkit-background-size:cover;-moz-background-size:cover;-o-background-size:cover;background-size:cover;\"  data-bg-url=\"\">\n\t\t\t\t<style type='text\/css'>.reading-box-container-1 .element-bottomshadow:before,.reading-box-container-1 .element-bottomshadow:after{opacity:0.7;}<\/style><div class=\"fusion-reading-box-container reading-box-container-1\" style=\"margin-top:0px;margin-bottom:84px;\"><div class=\"reading-box element-bottomshadow\" style=\"background-color:#3e3e3e;border-width:1px;border-color:#3e3e3e;border-left-width:3px;border-left-color:#f44336;border-style:solid;\"><h2> <\/h2><div class=\"reading-box-additional\">\n<h3 style=\"text-align: center;\"><span style=\"color: #ffffff;\"><strong>R\u00c9PARATION DU MAT\u00c9RIEL<\/strong><\/span><\/h3>\n<p><span style=\"color: #ffffff;\">Les r\u00e9parations sont effectu\u00e9es par un prestataire ext\u00e9rieur.<\/span><\/p>\n<ul style=\"text-align: left;\">\n<li><span style=\"color: #ffffff;\"><em>Collage simple<\/em> : 10 \u20ac<\/span><\/li>\n<li><span style=\"color: #ffffff;\"><em>Collage avec embase et t\u00eate d&rsquo;occasion<\/em> : 15 \u20ac<\/span><\/li>\n<li><span style=\"color: #ffffff;\"><em>Collage avec embase et t\u00eate neuve<\/em> : 20 \u20ac<\/span><\/li>\n<\/ul>\n<\/div><\/div><\/div><div class=\"fusion-clearfix\"><\/div>\n\n\t\t\t<\/div>\n\t\t<\/div><\/div><\/div>\n","protected":false},"excerpt":{"rendered":"","protected":false},"author":1,"featured_media":0,"parent":1429,"menu_order":4,"comment_status":"closed","ping_status":"closed","template":"","meta":{"footnotes":""},"_links":{"self":[{"href":"https:\/\/v-o-e.fr\/index.php\/wp-json\/wp\/v2\/pages\/1563"}],"collection":[{"href":"https:\/\/v-o-e.fr\/index.php\/wp-json\/wp\/v2\/pages"}],"about":[{"href":"https:\/\/v-o-e.fr\/index.php\/wp-json\/wp\/v2\/types\/page"}],"author":[{"embeddable":true,"href":"https:\/\/v-o-e.fr\/index.php\/wp-json\/wp\/v2\/users\/1"}],"replies":[{"embeddable":true,"href":"https:\/\/v-o-e.fr\/index.php\/wp-json\/wp\/v2\/comments?post=1563"}],"version-history":[{"count":8,"href":"https:\/\/v-o-e.fr\/index.php\/wp-json\/wp\/v2\/pages\/1563\/revisions"}],"predecessor-version":[{"id":2403,"href":"https:\/\/v-o-e.fr\/index.php\/wp-json\/wp\/v2\/pages\/1563\/revisions\/2403"}],"up":[{"embeddable":true,"href":"https:\/\/v-o-e.fr\/index.php\/wp-json\/wp\/v2\/pages\/1429"}],"wp:attachment":[{"href":"https:\/\/v-o-e.fr\/index.php\/wp-json\/wp\/v2\/media?parent=1563"}],"curies":[{"name":"wp","href":"https:\/\/api.w.org\/{rel}","templated":true}]}}